{"id":11046,"date":"2021-12-03T17:58:21","date_gmt":"2021-12-03T16:58:21","guid":{"rendered":"https:\/\/vorlage.innoconcept.design\/?page_id=11046"},"modified":"2023-09-19T09:20:40","modified_gmt":"2023-09-19T07:20:40","slug":"impressum","status":"publish","type":"page","link":"https:\/\/www.kimi-plus.at\/?page_id=11046","title":{"rendered":"Impressum"},"content":{"rendered":"<section class=\"l-section wpb_row height_auto\"><div class=\"l-section-h i-cf\"><div class=\"g-cols vc_row via_flex valign_top type_default stacking_default\"><div class=\"vc_col-sm-12 wpb_column vc_column_container\"><div class=\"vc_column-inner\"><div class=\"wpb_wrapper\"><div class=\"wpb_text_column\"><div class=\"wpb_wrapper\"><h4 class=\"entry-title main_title\">KIMI-Plus GmbH<\/h4>\n<p><strong>Rechtsform:\u00a0<\/strong>Gesellschaft mit beschr\u00e4nkter Haftung<br \/>\n<strong>Firmenbuchnummer:\u00a0<\/strong>404653d<br \/>\n<strong>Firmengericht:\u00a0<\/strong>Landesgericht Linz<\/p>\n<div class=\"entry-content\">\n<p><strong>Gesch\u00e4ftsf\u00fchrerin: <\/strong>Susanne Lauer, MAS<br \/>\n<strong>Gesch\u00e4ftsanschrift:<\/strong><span class=\"street-address\"> Haider Stra\u00dfe 40\/2,\u00a0\u00a0<\/span><span class=\"postal-code\">4052<\/span>\u00a0Ansfelden bei\u00a0<span class=\"locality\">Linz<\/span><br \/>\n<strong>Telefon:\u00a0<\/strong><span class=\"value\">+43 732 2099<\/span><br \/>\n<strong>Email:<\/strong>\u00a0<a class=\"mail-link\" data-enc-email=\"bssvpr&#091;at&#093;xvzvcyhf.ng\" data-wpel-link=\"ignore\">office[at]kimi-plus.at<\/a><\/p>\n<p><strong>Unternehmensgegenstand:<\/strong> Call-Center, Dienstleistungen in der automatischen Datenverarbeitung und Informationstechnik<br \/>\n<strong>Umsatzsteuer-Identifikationsnummer:<\/strong>\u00a0 ATU68258789<br \/>\n<strong>Kammerzugeh\u00f6rigkeit:<\/strong>\u00a0WK\u00d6, WKO\u00d6<br \/>\n<strong>Zust\u00e4ndige Aufsichtsbeh\u00f6rde:<\/strong>\u00a0Bezirkshauptmannschaft\u00a0Linz (Stadt)<\/p>\n<p><strong>Medieninhaber, Herausgeber und Verleger:<\/strong>\u00a0KIMI-Plus GmbH<br \/>\n<strong>F\u00fcr den Inhalt verantwortlich:<\/strong> Franz Tausch,\u00a0Susanne Lauer, MAS<br \/>\n<strong>Bildmaterial: Kimi Plus GmbH, Unsplash, iStock (lizenziert durch InnoConcept GmbH)<\/strong><\/p>\n<p>Haftung und Copyright:<br \/>\nS\u00e4mtliche Texte auf der KIMI-Plus Website wurden sorgf\u00e4ltig gepr\u00fcft. Dessen ungeachtet kann keine Garantie f\u00fcr die Richtigkeit, Vollst\u00e4ndigkeit und Aktualit\u00e4t der Angaben \u00fcbernommen werden. Eine Haftung der KIMI-Plus GmbH wird daher ausgeschlossen. Die Links zu anderen Webseiten wurden sorgf\u00e4ltig ausgew\u00e4hlt. Da KIMI-Plus auf deren Inhalt keinen Einfluss hat, \u00fcbernimmt die KIMI-Plus GmbH daf\u00fcr keine Verantwortung.<\/p>\n<\/div>\n<\/div><\/div><\/div><\/div><\/div><\/div><\/div><\/section>\n","protected":false},"excerpt":{"rendered":"KIMI-Plus GmbH Rechtsform:\u00a0Gesellschaft mit beschr\u00e4nkter Haftung Firmenbuchnummer:\u00a0404653d Firmengericht:\u00a0Landesgericht Linz Gesch\u00e4ftsf\u00fchrerin: Susanne Lauer, MAS Gesch\u00e4ftsanschrift: Haider Stra\u00dfe 40\/2,\u00a0\u00a04052\u00a0Ansfelden bei\u00a0Linz Telefon:\u00a0+43 732 2099 Email:\u00a0office[at]kimi-plus.at Unternehmensgegenstand: Call-Center, Dienstleistungen in der automatischen Datenverarbeitung und Informationstechnik Umsatzsteuer-Identifikationsnummer:\u00a0 ATU68258789 Kammerzugeh\u00f6rigkeit:\u00a0WK\u00d6, WKO\u00d6 Zust\u00e4ndige Aufsichtsbeh\u00f6rde:\u00a0Bezirkshauptmannschaft\u00a0Linz (Stadt) Medieninhaber, Herausgeber und Verleger:\u00a0KIMI-Plus GmbH F\u00fcr den Inhalt verantwortlich: Franz Tausch,\u00a0Susanne Lauer, MAS Bildmaterial: Kimi Plus GmbH,...","protected":false},"author":1,"featured_media":0,"parent":0,"menu_order":0,"comment_status":"closed","ping_status":"closed","template":"","meta":{"footnotes":""},"class_list":["post-11046","page","type-page","status-publish","hentry"],"yoast_head":"<!-- This site is optimized with the Yoast SEO plugin v21.1 - https:\/\/yoast.com\/wordpress\/plugins\/seo\/ -->\n<title>Impressum - KIMI-Plus GmbH<\/title>\n<meta name=\"robots\" content=\"noindex, nofollow\" \/>\n<meta property=\"og:locale\" content=\"de_DE\" \/>\n<meta property=\"og:type\" content=\"article\" \/>\n<meta property=\"og:title\" content=\"Impressum - KIMI-Plus GmbH\" \/>\n<meta property=\"og:url\" content=\"https:\/\/www.kimi-plus.at\/?page_id=11046\" \/>\n<meta property=\"og:site_name\" content=\"KIMI-Plus GmbH\" \/>\n<meta property=\"article:modified_time\" content=\"2023-09-19T07:20:40+00:00\" \/>\n<meta property=\"og:image\" content=\"https:\/\/www.kimi-plus.at\/wp-content\/uploads\/2023\/09\/kimi_social-image.jpg\" \/>\n\t<meta property=\"og:image:width\" content=\"2500\" \/>\n\t<meta property=\"og:image:height\" content=\"1669\" \/>\n\t<meta property=\"og:image:type\" content=\"image\/jpeg\" \/>\n<meta name=\"twitter:card\" content=\"summary_large_image\" \/>\n<meta name=\"twitter:label1\" content=\"Gesch\u00e4tzte Lesezeit\" \/>\n\t<meta name=\"twitter:data1\" content=\"1\u00a0Minute\" \/>\n<script type=\"application\/ld+json\" class=\"yoast-schema-graph\">{\"@context\":\"https:\/\/schema.org\",\"@graph\":[{\"@type\":\"WebPage\",\"@id\":\"https:\/\/www.kimi-plus.at\/?page_id=11046\",\"url\":\"https:\/\/www.kimi-plus.at\/?page_id=11046\",\"name\":\"Impressum - KIMI-Plus GmbH\",\"isPartOf\":{\"@id\":\"https:\/\/www.kimi-plus.at\/#website\"},\"datePublished\":\"2021-12-03T16:58:21+00:00\",\"dateModified\":\"2023-09-19T07:20:40+00:00\",\"breadcrumb\":{\"@id\":\"https:\/\/www.kimi-plus.at\/?page_id=11046#breadcrumb\"},\"inLanguage\":\"de\",\"potentialAction\":[{\"@type\":\"ReadAction\",\"target\":[\"https:\/\/www.kimi-plus.at\/?page_id=11046\"]}]},{\"@type\":\"BreadcrumbList\",\"@id\":\"https:\/\/www.kimi-plus.at\/?page_id=11046#breadcrumb\",\"itemListElement\":[{\"@type\":\"ListItem\",\"position\":1,\"name\":\"Startseite\",\"item\":\"https:\/\/www.kimi-plus.at\/\"},{\"@type\":\"ListItem\",\"position\":2,\"name\":\"Impressum\"}]},{\"@type\":\"WebSite\",\"@id\":\"https:\/\/www.kimi-plus.at\/#website\",\"url\":\"https:\/\/www.kimi-plus.at\/\",\"name\":\"KIMI-Plus GmbH\",\"description\":\"Finden Sie immer die richtigen Worte?\",\"publisher\":{\"@id\":\"https:\/\/www.kimi-plus.at\/#organization\"},\"alternateName\":\"KIMI-Plus\",\"potentialAction\":[{\"@type\":\"SearchAction\",\"target\":{\"@type\":\"EntryPoint\",\"urlTemplate\":\"https:\/\/www.kimi-plus.at\/?s={search_term_string}\"},\"query-input\":\"required name=search_term_string\"}],\"inLanguage\":\"de\"},{\"@type\":\"Organization\",\"@id\":\"https:\/\/www.kimi-plus.at\/#organization\",\"name\":\"KIMI-Plus GmbH\",\"alternateName\":\"KIMI-Plus\",\"url\":\"https:\/\/www.kimi-plus.at\/\",\"logo\":{\"@type\":\"ImageObject\",\"inLanguage\":\"de\",\"@id\":\"https:\/\/www.kimi-plus.at\/#\/schema\/logo\/image\/\",\"url\":\"https:\/\/www.kimi-plus.at\/wp-content\/uploads\/2023\/09\/1-09-Kimi-Plus_Logo_RGB.jpg\",\"contentUrl\":\"https:\/\/www.kimi-plus.at\/wp-content\/uploads\/2023\/09\/1-09-Kimi-Plus_Logo_RGB.jpg\",\"width\":1651,\"height\":1650,\"caption\":\"KIMI-Plus GmbH\"},\"image\":{\"@id\":\"https:\/\/www.kimi-plus.at\/#\/schema\/logo\/image\/\"}}]}<\/script>\n<!-- \/ Yoast SEO plugin. -->","yoast_head_json":{"title":"Impressum - KIMI-Plus GmbH","robots":{"index":"noindex","follow":"nofollow"},"og_locale":"de_DE","og_type":"article","og_title":"Impressum - KIMI-Plus GmbH","og_url":"https:\/\/www.kimi-plus.at\/?page_id=11046","og_site_name":"KIMI-Plus GmbH","article_modified_time":"2023-09-19T07:20:40+00:00","og_image":[{"width":2500,"height":1669,"url":"https:\/\/www.kimi-plus.at\/wp-content\/uploads\/2023\/09\/kimi_social-image.jpg","type":"image\/jpeg"}],"twitter_card":"summary_large_image","twitter_misc":{"Gesch\u00e4tzte Lesezeit":"1\u00a0Minute"},"schema":{"@context":"https:\/\/schema.org","@graph":[{"@type":"WebPage","@id":"https:\/\/www.kimi-plus.at\/?page_id=11046","url":"https:\/\/www.kimi-plus.at\/?page_id=11046","name":"Impressum - KIMI-Plus GmbH","isPartOf":{"@id":"https:\/\/www.kimi-plus.at\/#website"},"datePublished":"2021-12-03T16:58:21+00:00","dateModified":"2023-09-19T07:20:40+00:00","breadcrumb":{"@id":"https:\/\/www.kimi-plus.at\/?page_id=11046#breadcrumb"},"inLanguage":"de","potentialAction":[{"@type":"ReadAction","target":["https:\/\/www.kimi-plus.at\/?page_id=11046"]}]},{"@type":"BreadcrumbList","@id":"https:\/\/www.kimi-plus.at\/?page_id=11046#breadcrumb","itemListElement":[{"@type":"ListItem","position":1,"name":"Startseite","item":"https:\/\/www.kimi-plus.at\/"},{"@type":"ListItem","position":2,"name":"Impressum"}]},{"@type":"WebSite","@id":"https:\/\/www.kimi-plus.at\/#website","url":"https:\/\/www.kimi-plus.at\/","name":"KIMI-Plus GmbH","description":"Finden Sie immer die richtigen Worte?","publisher":{"@id":"https:\/\/www.kimi-plus.at\/#organization"},"alternateName":"KIMI-Plus","potentialAction":[{"@type":"SearchAction","target":{"@type":"EntryPoint","urlTemplate":"https:\/\/www.kimi-plus.at\/?s={search_term_string}"},"query-input":"required name=search_term_string"}],"inLanguage":"de"},{"@type":"Organization","@id":"https:\/\/www.kimi-plus.at\/#organization","name":"KIMI-Plus GmbH","alternateName":"KIMI-Plus","url":"https:\/\/www.kimi-plus.at\/","logo":{"@type":"ImageObject","inLanguage":"de","@id":"https:\/\/www.kimi-plus.at\/#\/schema\/logo\/image\/","url":"https:\/\/www.kimi-plus.at\/wp-content\/uploads\/2023\/09\/1-09-Kimi-Plus_Logo_RGB.jpg","contentUrl":"https:\/\/www.kimi-plus.at\/wp-content\/uploads\/2023\/09\/1-09-Kimi-Plus_Logo_RGB.jpg","width":1651,"height":1650,"caption":"KIMI-Plus GmbH"},"image":{"@id":"https:\/\/www.kimi-plus.at\/#\/schema\/logo\/image\/"}}]}},"_links":{"self":[{"href":"https:\/\/www.kimi-plus.at\/index.php?rest_route=\/wp\/v2\/pages\/11046","targetHints":{"allow":["GET"]}}],"collection":[{"href":"https:\/\/www.kimi-plus.at\/index.php?rest_route=\/wp\/v2\/pages"}],"about":[{"href":"https:\/\/www.kimi-plus.at\/index.php?rest_route=\/wp\/v2\/types\/page"}],"author":[{"embeddable":true,"href":"https:\/\/www.kimi-plus.at\/index.php?rest_route=\/wp\/v2\/users\/1"}],"replies":[{"embeddable":true,"href":"https:\/\/www.kimi-plus.at\/index.php?rest_route=%2Fwp%2Fv2%2Fcomments&post=11046"}],"version-history":[{"count":6,"href":"https:\/\/www.kimi-plus.at\/index.php?rest_route=\/wp\/v2\/pages\/11046\/revisions"}],"predecessor-version":[{"id":13523,"href":"https:\/\/www.kimi-plus.at\/index.php?rest_route=\/wp\/v2\/pages\/11046\/revisions\/13523"}],"wp:attachment":[{"href":"https:\/\/www.kimi-plus.at\/index.php?rest_route=%2Fwp%2Fv2%2Fmedia&parent=11046"}],"curies":[{"name":"wp","href":"https:\/\/api.w.org\/{rel}","templated":true}]}}